{"id":442,"date":"2021-12-07T14:00:40","date_gmt":"2021-12-07T14:00:40","guid":{"rendered":"https:\/\/liceocampestrefacatativa.edu.co\/Liceo\/?page_id=442"},"modified":"2021-12-07T15:00:39","modified_gmt":"2021-12-07T15:00:39","slug":"encuestas","status":"publish","type":"page","link":"https:\/\/liceocampestrefacatativa.edu.co\/Liceo\/encuestas\/","title":{"rendered":"Encuestas"},"content":{"rendered":"\n<p class=\"has-text-align-center\">Para el Liceo Campestre Facatativ\u00e1, es importante vincular a sus egresados en los procesos de mejora continua, por lo cual le invitamos a diligenciar las encuestas de caracterizaci\u00f3n de egresados.<\/p>\n\n\n\n<div class=\"wp-block-columns\">\n<div class=\"wp-block-column\">\n<p><strong>PROMOCI\u00d3N 2015-2016-2017<\/strong><\/p>\n<\/div>\n\n\n\n<div class=\"wp-block-column\">\n<p><strong>PROMOCI\u00d3N 2018-2019-2020<\/strong><\/p>\n<\/div>\n<\/div>\n\n\n\n<div class=\"wp-block-columns\">\n<div class=\"wp-block-column\">\n<p><a href=\"https:\/\/forms.gle\/hs7cc4uuMWD9ee3x6\" target=\"_blank\" rel=\"noreferrer noopener\">https:\/\/forms.gle\/hs7cc4uuMWD9ee3x6<\/a><\/p>\n<\/div>\n\n\n\n<div class=\"wp-block-column\">\n<p><a href=\"https:\/\/forms.gle\/ZwuFsADnNTb6gdgw5\" target=\"_blank\" rel=\"noreferrer noopener\">https:\/\/forms.gle\/ZwuFsADnNTb6gdgw5<\/a><\/p>\n<\/div>\n<\/div>\n","protected":false},"excerpt":{"rendered":"<p>Para el Liceo Campestre Facatativ\u00e1, es importante vincular a sus egresados en los procesos de mejora continua, por lo cual le invitamos a diligenciar las encuestas de caracterizaci\u00f3n de egresados. PROMOCI\u00d3N 2015-2016-2017 PROMOCI\u00d3N 2018-2019-2020 https:\/\/forms.gle\/hs7cc4uuMWD9ee3x6 https:\/\/forms.gle\/ZwuFsADnNTb6gdgw5<\/p>\n","protected":false},"author":1,"featured_media":0,"parent":0,"menu_order":0,"comment_status":"closed","ping_status":"closed","template":"","meta":[],"_links":{"self":[{"href":"https:\/\/liceocampestrefacatativa.edu.co\/Liceo\/wp-json\/wp\/v2\/pages\/442"}],"collection":[{"href":"https:\/\/liceocampestrefacatativa.edu.co\/Liceo\/wp-json\/wp\/v2\/pages"}],"about":[{"href":"https:\/\/liceocampestrefacatativa.edu.co\/Liceo\/wp-json\/wp\/v2\/types\/page"}],"author":[{"embeddable":true,"href":"https:\/\/liceocampestrefacatativa.edu.co\/Liceo\/wp-json\/wp\/v2\/users\/1"}],"replies":[{"embeddable":true,"href":"https:\/\/liceocampestrefacatativa.edu.co\/Liceo\/wp-json\/wp\/v2\/comments?post=442"}],"version-history":[{"count":4,"href":"https:\/\/liceocampestrefacatativa.edu.co\/Liceo\/wp-json\/wp\/v2\/pages\/442\/revisions"}],"predecessor-version":[{"id":501,"href":"https:\/\/liceocampestrefacatativa.edu.co\/Liceo\/wp-json\/wp\/v2\/pages\/442\/revisions\/501"}],"wp:attachment":[{"href":"https:\/\/liceocampestrefacatativa.edu.co\/Liceo\/wp-json\/wp\/v2\/media?parent=442"}],"curies":[{"name":"wp","href":"https:\/\/api.w.org\/{rel}","templated":true}]}}