{"id":431,"date":"2021-12-07T13:58:52","date_gmt":"2021-12-07T13:58:52","guid":{"rendered":"https:\/\/liceocampestrefacatativa.edu.co\/Liceo\/?page_id=431"},"modified":"2021-12-07T14:34:31","modified_gmt":"2021-12-07T14:34:31","slug":"actualizacion-de-datos","status":"publish","type":"page","link":"https:\/\/liceocampestrefacatativa.edu.co\/Liceo\/actualizacion-de-datos\/","title":{"rendered":"Actualizaci\u00f3n de datos"},"content":{"rendered":"\n<p class=\"has-text-align-center\">Apreciado egresado Lice\u00edsta como instituci\u00f3n queremos tener relaciones m\u00e1s cercanas y de doble v\u00eda con ustedes por esta raz\u00f3n lo invitamos a que actualice sus datos.<\/p>\n\n\n\n<p class=\"has-text-align-center\"><strong>Nota<\/strong>: Si no puede ingresar comun\u00edquese con la oficina virtual al correo electr\u00f3nico <em>egresadoslcf@gmail.com<\/em><\/p>\n","protected":false},"excerpt":{"rendered":"<p>Apreciado egresado Lice\u00edsta como instituci\u00f3n queremos tener relaciones m\u00e1s cercanas y de doble v\u00eda con ustedes por esta raz\u00f3n lo invitamos a que actualice sus datos. Nota: Si no puede ingresar comun\u00edquese con la oficina virtual al correo electr\u00f3nico egresadoslcf@gmail.com<\/p>\n","protected":false},"author":1,"featured_media":0,"parent":0,"menu_order":0,"comment_status":"closed","ping_status":"closed","template":"","meta":[],"_links":{"self":[{"href":"https:\/\/liceocampestrefacatativa.edu.co\/Liceo\/wp-json\/wp\/v2\/pages\/431"}],"collection":[{"href":"https:\/\/liceocampestrefacatativa.edu.co\/Liceo\/wp-json\/wp\/v2\/pages"}],"about":[{"href":"https:\/\/liceocampestrefacatativa.edu.co\/Liceo\/wp-json\/wp\/v2\/types\/page"}],"author":[{"embeddable":true,"href":"https:\/\/liceocampestrefacatativa.edu.co\/Liceo\/wp-json\/wp\/v2\/users\/1"}],"replies":[{"embeddable":true,"href":"https:\/\/liceocampestrefacatativa.edu.co\/Liceo\/wp-json\/wp\/v2\/comments?post=431"}],"version-history":[{"count":2,"href":"https:\/\/liceocampestrefacatativa.edu.co\/Liceo\/wp-json\/wp\/v2\/pages\/431\/revisions"}],"predecessor-version":[{"id":479,"href":"https:\/\/liceocampestrefacatativa.edu.co\/Liceo\/wp-json\/wp\/v2\/pages\/431\/revisions\/479"}],"wp:attachment":[{"href":"https:\/\/liceocampestrefacatativa.edu.co\/Liceo\/wp-json\/wp\/v2\/media?parent=431"}],"curies":[{"name":"wp","href":"https:\/\/api.w.org\/{rel}","templated":true}]}}