{"id":190,"date":"2019-08-03T15:38:39","date_gmt":"2019-08-03T15:38:39","guid":{"rendered":"https:\/\/liceocampestrefacatativa.edu.co\/Liceo\/?page_id=190"},"modified":"2021-07-17T14:19:34","modified_gmt":"2021-07-17T14:19:34","slug":"servicios","status":"publish","type":"page","link":"https:\/\/liceocampestrefacatativa.edu.co\/Liceo\/servicios\/","title":{"rendered":"Servicios"},"content":{"rendered":"\n<p>La Sede Rural del Liceo Campestre Facatativa cuenta con piscina propia. De esta forma, la la sede ofrece como servicio opcional y extracurricular el servicio de <strong><em>NATACION<\/em><\/strong>. Este servicio prestado una vez a la semana (dos horas) por docentes calificados que apoyan los procesos de aprendizaje<br> de nuestros estudiantes.<\/p>\n\n\n\n<ul><li><strong><em>ESCUELAS DEPORTIVAS<\/em><\/strong><\/li><\/ul>\n\n\n\n<p>Como actividad extracurricular el Liceo organiza clases de <strong>futbol<\/strong>, <strong>tenis<\/strong>, <strong>taekwondo <\/strong>y <strong>nataci\u00f3n <\/strong>para los estudiantes que lo deseen. Las clases se realizan los d\u00edas s\u00e1bados en las instalaciones de la Sede Rural.<\/p>\n\n\n\n<ul><li><strong><em>ORIENTACI\u00d3N ESCOLAR<\/em><\/strong><\/li><\/ul>\n\n\n\n<p>El Liceo Campestre Facatativ\u00e1, apoya su quehacer educativo en el departamento de Psicolog\u00eda, quienes diagnostican, remiten y supervisan el desempe\u00f1o de nuestros estudiantes y personal docente, con el fin de brindar herramientas que consoliden la integridad de la educaci\u00f3n.<\/p>\n\n\n\n<ul><li><strong><em>CAFETERIA<\/em><\/strong><\/li><\/ul>\n\n\n\n<p>La cafeter\u00eda se encuentra abierta para toda la comunidad del Liceo en los diferentes horarios de descanso de los alumnos.<\/p>\n\n\n\n<ul><li><strong><em>TRANSPORTE<\/em><\/strong><\/li><\/ul>\n\n\n\n<p>El Liceo Campestre Facatativa presta el servicio de Transporte a las familias liceistas que lo deseen. Este servicio se destaca por realizarse en veh\u00edculos modernos que cumplen todos los requerimientos legales y que adem\u00e1s son conducidos por personas responsables y con varios a\u00f1os de experiencia. Adicionalmente, cada veh\u00edculo cuenta con una monitora encargada de supervisar y velar por el bienestar de nuestros alumnos.<\/p>\n","protected":false},"excerpt":{"rendered":"<p>La Sede Rural del Liceo Campestre Facatativa cuenta con piscina propia. De esta forma, la la sede ofrece como servicio opcional y extracurricular el servicio de NATACION. Este servicio prestado una vez a la semana (dos horas) por docentes calificados que apoyan los procesos de aprendizaje de nuestros estudiantes. ESCUELAS DEPORTIVAS Como actividad extracurricular el [&hellip;]<\/p>\n","protected":false},"author":1,"featured_media":0,"parent":0,"menu_order":0,"comment_status":"closed","ping_status":"closed","template":"","meta":[],"_links":{"self":[{"href":"https:\/\/liceocampestrefacatativa.edu.co\/Liceo\/wp-json\/wp\/v2\/pages\/190"}],"collection":[{"href":"https:\/\/liceocampestrefacatativa.edu.co\/Liceo\/wp-json\/wp\/v2\/pages"}],"about":[{"href":"https:\/\/liceocampestrefacatativa.edu.co\/Liceo\/wp-json\/wp\/v2\/types\/page"}],"author":[{"embeddable":true,"href":"https:\/\/liceocampestrefacatativa.edu.co\/Liceo\/wp-json\/wp\/v2\/users\/1"}],"replies":[{"embeddable":true,"href":"https:\/\/liceocampestrefacatativa.edu.co\/Liceo\/wp-json\/wp\/v2\/comments?post=190"}],"version-history":[{"count":2,"href":"https:\/\/liceocampestrefacatativa.edu.co\/Liceo\/wp-json\/wp\/v2\/pages\/190\/revisions"}],"predecessor-version":[{"id":413,"href":"https:\/\/liceocampestrefacatativa.edu.co\/Liceo\/wp-json\/wp\/v2\/pages\/190\/revisions\/413"}],"wp:attachment":[{"href":"https:\/\/liceocampestrefacatativa.edu.co\/Liceo\/wp-json\/wp\/v2\/media?parent=190"}],"curies":[{"name":"wp","href":"https:\/\/api.w.org\/{rel}","templated":true}]}}