{"id":186,"date":"2019-08-03T15:28:59","date_gmt":"2019-08-03T15:28:59","guid":{"rendered":"https:\/\/liceocampestrefacatativa.edu.co\/Liceo\/?page_id=186"},"modified":"2021-07-17T14:20:17","modified_gmt":"2021-07-17T14:20:17","slug":"sede-rural","status":"publish","type":"page","link":"https:\/\/liceocampestrefacatativa.edu.co\/Liceo\/sede-rural\/","title":{"rendered":"Sede rural"},"content":{"rendered":"\n<p style=\"text-align:center\">Vereda Mancilla, Finca San Pedro (V\u00eda Ecopetrol)<\/p>\n\n\n\n<p style=\"text-align:center\"><strong>Tel\u00e9fono: <\/strong>300 8836842<\/p>\n\n\n\n<p>Sede ubicada en las afueras de la ciudad de Facatativ\u00e1, con \u00e9nfasis en Ingl\u00e9s y Matem\u00e1ticas Biolog\u00eda en Ingl\u00e9s Instalaciones campestres dotadas de laboratorios (Ingl\u00e9s, Biolog\u00eda y F\u00edsica sala de inform\u00e1tica, ludoteca, biblioteca, oratorio, parque infantil, piscina, canchas deportivas, restaurante, cafeter\u00eda y un hermoso castillo que acoger\u00e1 a los m\u00e1s peque\u00f1os durante preescolar.<\/p>\n\n\n\n<p>Su equipo de trabajo est\u00e1 compuesto por profesionales capacitados en las diferentes \u00e1reas, experiencia en todos los niveles, que apoyan su quehacer en los servicios de Psicolog\u00eda y Terapia de lenguaje.<\/p>\n\n\n\n<p>Esta sede cuenta con el servicio de transporte a Facatativ\u00e1, Cartagenita, Madrid, El Rosal, Mosquera, Funza y Bojac\u00e1.<\/p>\n","protected":false},"excerpt":{"rendered":"<p>Vereda Mancilla, Finca San Pedro (V\u00eda Ecopetrol) Tel\u00e9fono: 300 8836842 Sede ubicada en las afueras de la ciudad de Facatativ\u00e1, con \u00e9nfasis en Ingl\u00e9s y Matem\u00e1ticas Biolog\u00eda en Ingl\u00e9s Instalaciones campestres dotadas de laboratorios (Ingl\u00e9s, Biolog\u00eda y F\u00edsica sala de inform\u00e1tica, ludoteca, biblioteca, oratorio, parque infantil, piscina, canchas deportivas, restaurante, cafeter\u00eda y un hermoso castillo [&hellip;]<\/p>\n","protected":false},"author":1,"featured_media":0,"parent":0,"menu_order":0,"comment_status":"closed","ping_status":"closed","template":"","meta":[],"_links":{"self":[{"href":"https:\/\/liceocampestrefacatativa.edu.co\/Liceo\/wp-json\/wp\/v2\/pages\/186"}],"collection":[{"href":"https:\/\/liceocampestrefacatativa.edu.co\/Liceo\/wp-json\/wp\/v2\/pages"}],"about":[{"href":"https:\/\/liceocampestrefacatativa.edu.co\/Liceo\/wp-json\/wp\/v2\/types\/page"}],"author":[{"embeddable":true,"href":"https:\/\/liceocampestrefacatativa.edu.co\/Liceo\/wp-json\/wp\/v2\/users\/1"}],"replies":[{"embeddable":true,"href":"https:\/\/liceocampestrefacatativa.edu.co\/Liceo\/wp-json\/wp\/v2\/comments?post=186"}],"version-history":[{"count":2,"href":"https:\/\/liceocampestrefacatativa.edu.co\/Liceo\/wp-json\/wp\/v2\/pages\/186\/revisions"}],"predecessor-version":[{"id":414,"href":"https:\/\/liceocampestrefacatativa.edu.co\/Liceo\/wp-json\/wp\/v2\/pages\/186\/revisions\/414"}],"wp:attachment":[{"href":"https:\/\/liceocampestrefacatativa.edu.co\/Liceo\/wp-json\/wp\/v2\/media?parent=186"}],"curies":[{"name":"wp","href":"https:\/\/api.w.org\/{rel}","templated":true}]}}