{"id":183,"date":"2019-08-03T15:27:18","date_gmt":"2019-08-03T15:27:18","guid":{"rendered":"https:\/\/liceocampestrefacatativa.edu.co\/Liceo\/?page_id=183"},"modified":"2019-08-03T15:27:19","modified_gmt":"2019-08-03T15:27:19","slug":"sede-urbana","status":"publish","type":"page","link":"https:\/\/liceocampestrefacatativa.edu.co\/Liceo\/sede-urbana\/","title":{"rendered":"Sede urbana"},"content":{"rendered":"\n<p style=\"text-align:center\"><strong>Preescolar: <\/strong>Calle 11 No. 4 &#8211; 24, Facatativ\u00e1, Cundinamarca<br><strong>Primaria y Bachillerato:<\/strong> Calle 11 No. 4 \u2013 39, Facatativ\u00e1, Cundinamarca<\/p>\n\n\n\n<p style=\"text-align:center\"><strong>Tel\u00e9fono: <\/strong>842 38 16<\/p>\n\n\n\n<p>Sede ubicada en el casco urbano de la ciudad de Facatativ\u00e1. Con un equipo de trabajo compuesto por profesores calificados y con varios a\u00f1os de experiencia que brindan una educaci\u00f3n integral de alta calidad basada en los valores de respeto, responsabilidad y solidaridad.<\/p>\n\n\n\n<p>Sus modernas instalaciones est\u00e1n dotadas de aulas amplias, sala de sistemas y parque infantil.<\/p>\n","protected":false},"excerpt":{"rendered":"<p>Preescolar: Calle 11 No. 4 &#8211; 24, Facatativ\u00e1, CundinamarcaPrimaria y Bachillerato: Calle 11 No. 4 \u2013 39, Facatativ\u00e1, Cundinamarca Tel\u00e9fono: 842 38 16 Sede ubicada en el casco urbano de la ciudad de Facatativ\u00e1. Con un equipo de trabajo compuesto por profesores calificados y con varios a\u00f1os de experiencia que brindan una educaci\u00f3n integral de [&hellip;]<\/p>\n","protected":false},"author":1,"featured_media":0,"parent":0,"menu_order":0,"comment_status":"closed","ping_status":"closed","template":"","meta":[],"_links":{"self":[{"href":"https:\/\/liceocampestrefacatativa.edu.co\/Liceo\/wp-json\/wp\/v2\/pages\/183"}],"collection":[{"href":"https:\/\/liceocampestrefacatativa.edu.co\/Liceo\/wp-json\/wp\/v2\/pages"}],"about":[{"href":"https:\/\/liceocampestrefacatativa.edu.co\/Liceo\/wp-json\/wp\/v2\/types\/page"}],"author":[{"embeddable":true,"href":"https:\/\/liceocampestrefacatativa.edu.co\/Liceo\/wp-json\/wp\/v2\/users\/1"}],"replies":[{"embeddable":true,"href":"https:\/\/liceocampestrefacatativa.edu.co\/Liceo\/wp-json\/wp\/v2\/comments?post=183"}],"version-history":[{"count":1,"href":"https:\/\/liceocampestrefacatativa.edu.co\/Liceo\/wp-json\/wp\/v2\/pages\/183\/revisions"}],"predecessor-version":[{"id":184,"href":"https:\/\/liceocampestrefacatativa.edu.co\/Liceo\/wp-json\/wp\/v2\/pages\/183\/revisions\/184"}],"wp:attachment":[{"href":"https:\/\/liceocampestrefacatativa.edu.co\/Liceo\/wp-json\/wp\/v2\/media?parent=183"}],"curies":[{"name":"wp","href":"https:\/\/api.w.org\/{rel}","templated":true}]}}