{"id":169,"date":"2019-08-02T01:01:08","date_gmt":"2019-08-02T01:01:08","guid":{"rendered":"https:\/\/liceocampestrefacatativa.edu.co\/Liceo\/?page_id=169"},"modified":"2019-09-12T21:04:22","modified_gmt":"2019-09-12T21:04:22","slug":"identificacion","status":"publish","type":"page","link":"https:\/\/liceocampestrefacatativa.edu.co\/Liceo\/identificacion\/","title":{"rendered":"Identificaci\u00f3n"},"content":{"rendered":"\n<table class=\"wp-block-table aligncenter is-style-stripes\"><tbody><tr><td><strong>Nombre:<\/strong><\/td><td>Liceo Campestre Facatativ\u00e1<\/td><\/tr><tr><td><strong>NIT N\u00b0<\/strong>:<\/td><td> 900.008.332 \u2013 1<\/td><\/tr><tr><td><strong>Sedes:<\/strong><\/td><td><strong>Sede Urbana (Preescolar):<\/strong><br>Calle 11 no. 4 \u2013 24. \u00daltima Resoluci\u00f3n de Aprobaci\u00f3n: No. 342 de Marzo 11 de 2014. <br>Registro\u00a0Dane: 325269004319. <br>Registro ICFES: 193847<br><br><strong>Sede Urbana (Primaria y Bachillerato)<\/strong>:<br>Calle 11 no. 4 \u2013 39. \u00daltima Resoluci\u00f3n de Aprobaci\u00f3n: No. 342 de Marzo 11 de 2014.<br>Registro\u00a0Dane: 325269004319.<br>Registro ICFES: 193847 <br><br><strong>Sede Rural:<\/strong><br>Vereda Mancilla, Finca San Pedro. <br>\u00daltima Resoluci\u00f3n de Aprobaci\u00f3n: No. 02374 de Mayo 20 de 2003.<br>Registro\u00a0Dane: 425269001306.<br>Registro ICFES: 108589 <\/td><\/tr><tr><td><strong>Clase:<\/strong><\/td><td>Privado<\/td><\/tr><tr><td><strong>Car\u00e1cter:<\/strong><\/td><td>Mixto<\/td><\/tr><tr><td><strong>Jornada:<\/strong><\/td><td>\u00danica<\/td><\/tr><tr><td><strong>Horario:<\/strong><\/td><td><strong>Sede Urbana (Preescolar):<\/strong> 7:00 a.m. a 1:10 p.m.<br><strong>Sede Urbana (Primaria y Bachillerato): <\/strong>7:00 a.m. a 2:10 p.m.<br><strong>Sede Rural: <\/strong>7:00 a.m. a 3:10 p.m. <\/td><\/tr><tr><td><\/td><td><\/td><\/tr><\/tbody><\/table>\n","protected":false},"excerpt":{"rendered":"<p>Nombre: Liceo Campestre Facatativ\u00e1 NIT N\u00b0: 900.008.332 \u2013 1 Sedes: Sede Urbana (Preescolar):Calle 11 no. 4 \u2013 24. \u00daltima Resoluci\u00f3n de Aprobaci\u00f3n: No. 342 de Marzo 11 de 2014. Registro\u00a0Dane: 325269004319. Registro ICFES: 193847 Sede Urbana (Primaria y Bachillerato):Calle 11 no. 4 \u2013 39. \u00daltima Resoluci\u00f3n de Aprobaci\u00f3n: No. 342 de Marzo 11 de 2014.Registro\u00a0Dane: [&hellip;]<\/p>\n","protected":false},"author":1,"featured_media":0,"parent":0,"menu_order":0,"comment_status":"closed","ping_status":"closed","template":"","meta":[],"_links":{"self":[{"href":"https:\/\/liceocampestrefacatativa.edu.co\/Liceo\/wp-json\/wp\/v2\/pages\/169"}],"collection":[{"href":"https:\/\/liceocampestrefacatativa.edu.co\/Liceo\/wp-json\/wp\/v2\/pages"}],"about":[{"href":"https:\/\/liceocampestrefacatativa.edu.co\/Liceo\/wp-json\/wp\/v2\/types\/page"}],"author":[{"embeddable":true,"href":"https:\/\/liceocampestrefacatativa.edu.co\/Liceo\/wp-json\/wp\/v2\/users\/1"}],"replies":[{"embeddable":true,"href":"https:\/\/liceocampestrefacatativa.edu.co\/Liceo\/wp-json\/wp\/v2\/comments?post=169"}],"version-history":[{"count":3,"href":"https:\/\/liceocampestrefacatativa.edu.co\/Liceo\/wp-json\/wp\/v2\/pages\/169\/revisions"}],"predecessor-version":[{"id":343,"href":"https:\/\/liceocampestrefacatativa.edu.co\/Liceo\/wp-json\/wp\/v2\/pages\/169\/revisions\/343"}],"wp:attachment":[{"href":"https:\/\/liceocampestrefacatativa.edu.co\/Liceo\/wp-json\/wp\/v2\/media?parent=169"}],"curies":[{"name":"wp","href":"https:\/\/api.w.org\/{rel}","templated":true}]}}