{"id":157,"date":"2019-08-02T00:49:52","date_gmt":"2019-08-02T00:49:52","guid":{"rendered":"https:\/\/liceocampestrefacatativa.edu.co\/Liceo\/?page_id=157"},"modified":"2019-09-12T15:28:13","modified_gmt":"2019-09-12T15:28:13","slug":"nuestros-simbolos","status":"publish","type":"page","link":"https:\/\/liceocampestrefacatativa.edu.co\/Liceo\/nuestros-simbolos\/","title":{"rendered":"Nuestros s\u00edmbolos"},"content":{"rendered":"\n<table class=\"wp-block-table aligncenter has-fixed-layout is-style-stripes\"><tbody><tr><td><strong><em>Escudo<\/em><\/strong><br><\/td><\/tr><tr><td><p align=\"center\"><img loading=\"lazy\" width=\"100\" height=\"100\" class=\"wp-image-296\" style=\"width: 100px;\" src=\"https:\/\/liceocampestrefacatativa.edu.co\/Liceo\/wp-content\/uploads\/2019\/09\/Logo.png\" alt=\"\"><\/p>\n\t<p align=\"center\">El escudo del <strong><em>Liceo Campestre Facatativ\u00e1<\/em><\/strong>, est\u00e1 representado por un sol, que simboliza el ser del estudiante en todos sus aspectos.<br>La parte inferior del sol es amarillo y representa las expectativas, las esperanzas y la necesidad de conocimiento de la comunidad.<br>La parte superior es de color blanco y simboliza un estudiante aut\u00f3nomo, responsable, cr\u00edtico, anal\u00edtico, tolerante, competente, solidario, con esp\u00edritu investigativo y con un alto sentido de pertenencia.<br>La parte superior del escudo, concibe a los ni\u00f1os(as) y adolescentes como seres \u00fanicos y sociales; que al ingresar al <strong><em>Liceo, <\/em><\/strong>potencian todas sus dimensiones de desarrollo y alcanzaran los niveles que les permitan desenvolverse en su entorno<\/p><\/td><\/tr><tr><td><strong><em>Bandera<\/em><\/strong><br><\/td><\/tr><tr><td><p align=\"center\"><img loading=\"lazy\" width=\"412\" height=\"266\" class=\"wp-image-304\" style=\"width: 150px;\" src=\"https:\/\/liceocampestrefacatativa.edu.co\/Liceo\/wp-content\/uploads\/2019\/09\/BANDERA.png\" alt=\"\" srcset=\"https:\/\/liceocampestrefacatativa.edu.co\/wp-content\/uploads\/2019\/09\/BANDERA.png 412w, https:\/\/liceocampestrefacatativa.edu.co\/wp-content\/uploads\/2019\/09\/BANDERA-300x194.png 300w\" sizes=\"(max-width: 412px) 100vw, 412px\" \/><\/p>\n\t\t<p align=\"center\">La Bandera del <strong><em>Liceo Campestre Facatativ\u00e1<\/em><\/strong>, fue dise\u00f1ada durante el a\u00f1o 1998 mediante un concurso en donde participaron los estudiantes del <strong><em>Liceo<\/em><\/strong>. Esta bandera est\u00e1 compuesta por cuatro tri\u00e1ngulos de diferentes colores que enmarcan el escudo de la instituci\u00f3n.<br>En la esquina superior izquierda, se encuentra ubicado el tri\u00e1ngulo de color caf\u00e9. Este color simboliza la riqueza del suelo, de las costumbres y del contexto dentro del cual se encuentra inmerso el <strong>Liceo<\/strong>.<br>En la esquina inferior izquierda, se encuentra el tri\u00e1ngulo de color azul. Este tri\u00e1ngulo simboliza la alegr\u00eda, el entusiasmo y<br> la espiritualidad que caracterizan a los integrantes del <strong>Liceo<\/strong>.<br>En la esquina superior derecha, se encuentra un tri\u00e1ngulo de color verde. Este color simboliza la esperanza, la paz, la prosperidad y la naturaleza.<br>Finalmente, en la esquina inferior derecha, se encuentra el color naranja, el cual simboliza la amistad y la lealtad.<br>Es as\u00ed como el <strong>Liceo Campestre Facatativ\u00e1<\/strong>, a trav\u00e9s de su bandera, proyecta que adem\u00e1s de su prop\u00f3sito fundamental: brindar calidad educativa, centra su quehacer dentro del respeto, interiorizaci\u00f3n y vivencia de los m\u00e1s altos y nobles valores de la humanidad.<\/p><\/td><\/tr><tr><td><strong><em>Himno<\/em><\/strong><\/td><\/tr><tr><td><p align=\"center\"><em>Ciencia, virtud y libertad<br>Honor, respeto y altivez<br>Efluvio de grandes ideales<br>Esperanza de un nuevo amanecer<br><br><\/em><strong><em>CORO<\/em><\/strong><em><br>Liceo Campestre, Liceo Campestre<br>Emporio de armon\u00eda y paz<br>Liceo Campestre, Liceo Campestre,<br>Adelante, adelante siempre vas<br><br>Con el alma de escudo y pend\u00f3n<br>Es orgullo de nuestra regi\u00f3n<br>Son motivos por los que luchamos<br>Empu\u00f1ando justicia y raz\u00f3n.<br><br><\/em><strong><em>CORO<\/em><\/strong><em><br>Liceo Campestre, Liceo Campestre<br>Emporio de armon\u00eda y paz<br>Liceo Campestre, Liceo Campestre,<br>Adelante, adelante siempre vas <\/em><\/p><\/td><\/tr><\/tbody><\/table>\n","protected":false},"excerpt":{"rendered":"<p>Escudo El escudo del Liceo Campestre Facatativ\u00e1, est\u00e1 representado por un sol, que simboliza el ser del estudiante en todos sus aspectos.La parte inferior del sol es amarillo y representa las expectativas, las esperanzas y la necesidad de conocimiento de la comunidad.La parte superior es de color blanco y simboliza un estudiante aut\u00f3nomo, responsable, cr\u00edtico, [&hellip;]<\/p>\n","protected":false},"author":1,"featured_media":0,"parent":0,"menu_order":0,"comment_status":"closed","ping_status":"closed","template":"","meta":[],"_links":{"self":[{"href":"https:\/\/liceocampestrefacatativa.edu.co\/Liceo\/wp-json\/wp\/v2\/pages\/157"}],"collection":[{"href":"https:\/\/liceocampestrefacatativa.edu.co\/Liceo\/wp-json\/wp\/v2\/pages"}],"about":[{"href":"https:\/\/liceocampestrefacatativa.edu.co\/Liceo\/wp-json\/wp\/v2\/types\/page"}],"author":[{"embeddable":true,"href":"https:\/\/liceocampestrefacatativa.edu.co\/Liceo\/wp-json\/wp\/v2\/users\/1"}],"replies":[{"embeddable":true,"href":"https:\/\/liceocampestrefacatativa.edu.co\/Liceo\/wp-json\/wp\/v2\/comments?post=157"}],"version-history":[{"count":23,"href":"https:\/\/liceocampestrefacatativa.edu.co\/Liceo\/wp-json\/wp\/v2\/pages\/157\/revisions"}],"predecessor-version":[{"id":312,"href":"https:\/\/liceocampestrefacatativa.edu.co\/Liceo\/wp-json\/wp\/v2\/pages\/157\/revisions\/312"}],"wp:attachment":[{"href":"https:\/\/liceocampestrefacatativa.edu.co\/Liceo\/wp-json\/wp\/v2\/media?parent=157"}],"curies":[{"name":"wp","href":"https:\/\/api.w.org\/{rel}","templated":true}]}}