{"id":153,"date":"2019-08-02T00:28:18","date_gmt":"2019-08-02T00:28:18","guid":{"rendered":"https:\/\/liceocampestrefacatativa.edu.co\/Liceo\/?page_id=153"},"modified":"2019-09-12T15:29:06","modified_gmt":"2019-09-12T15:29:06","slug":"historia","status":"publish","type":"page","link":"https:\/\/liceocampestrefacatativa.edu.co\/Liceo\/historia\/","title":{"rendered":"Historia"},"content":{"rendered":"\n<p style=\"text-align:center\">El 5 de Septiembre de 1983 iniciamos actividades bajo el nombre de <strong><em>Guarder\u00eda Jard\u00edn Personitas<\/em><\/strong> en la Calle 8 No. 4 \u2013 26. Fueron 5 las personitas que iniciaron con nosotros este camino, all\u00ed fue donde nos convertimos, m\u00e1s que en las personas que los cuid\u00e1bamos, en sus amigas y madres, pues adem\u00e1s de suplir sus necesidades de alimentaci\u00f3n, seguridad, aseo; compart\u00edamos y disfrut\u00e1bamos de verlos crecer, re\u00edr, aprender a caminar, ir al ba\u00f1o; actividades maravillosas que sus papitos por cuestiones de trabajo no pod\u00edan compartir.<\/p>\n\n\n\n<p style=\"text-align:center\">Ese primer a\u00f1o fue una prueba grand\u00edsima, nuestra fundadora estaba reci\u00e9n egresada de la universidad y no ten\u00eda <em>ni idea<\/em> del papel de ser madre, acababa de salir de una situaci\u00f3n personal dif\u00edcil que hizo que se refugiara y se dedicara de lleno a estos ni\u00f1os. En 1984 se inician los niveles de pre &#8211; k\u00ednder con 19 alumnos y k\u00ednder 3 estudiantes. Realizamos nuestros primeros grados y tambi\u00e9n fue durante ese a\u00f1o que en Facatativ\u00e1 conformamos la primera banda marcial infantil.<\/p>\n\n\n\n<p style=\"text-align:center\">Recordamos adem\u00e1s con cari\u00f1o y satisfacci\u00f3n nuestro Primer Rosario en la Iglesia Santa Rita. Y como olvidar nuestro primer aniversario, que celebramos con bombos y platillos al lado de quienes hab\u00edamos conformado, m\u00e1s que una instituci\u00f3n, una gran familia. Posteriormente en 1985 fuimos ganadores por originalidad del primer concurso de carrosas y nos constituimos como la primera instituci\u00f3n en ofrecer servicio de transporte para sus estudiantes.<\/p>\n\n\n\n<p style=\"text-align:center\">En 1986 y debido a la gran acogida, nos vimos en la necesidad de ampliar nuestra cobertura y cambiar de sede a la Carrera 5 No. 8 &#8211; 05. Dejamos de prestar el servicio de guarder\u00eda, que aunque muy gratificante implicaba muchas responsabilidades y sacrificios. Fue desde all\u00ed donde nos fortalecimos con el nombre de <em><strong>Colegio Personitas<\/strong><\/em>, abriendo a\u00f1o a a\u00f1o cada nivel hasta completar toda la primaria en jornadas ma\u00f1ana y tarde, evidenci\u00e1ndose de esta manera la necesidad de independizar el preescolar y la primaria en el a\u00f1o 1996.<\/p>\n\n\n\n<p style=\"text-align:center\">Por nuestras aulas han pasado cientos de ni\u00f1os, ni\u00f1as, docentes y padres de familia que nos han apoyado y animado a crecer cada d\u00eda, fue por ello que en 1997, se reunieron un grupo de padres de familia que se rehusaban a que sus hijos salieran del colegio al finalizar su primaria y nos vimos comprometidos a ofrecer el bachillerato, naciendo de este modo el <strong><em>Liceo Campestre Facatativ\u00e1,<\/em><\/strong> el cual en el a\u00f1o 2003&nbsp;proclam\u00f3 su primera promoci\u00f3n con los estudiantes cuya formaci\u00f3n se hab\u00eda iniciado en el <em><strong>Colegio Personitas<\/strong><\/em>. Es as\u00ed, como en el a\u00f1o 2006 recogemos los frutos de nuestra ardua labor obteniendo el nivel <strong>Muy Superio<\/strong>r en las pruebas <strong>ICFES<\/strong>.<\/p>\n\n\n\n<p style=\"text-align:center\">A trav\u00e9s de los a\u00f1os, hemos contado con ni\u00f1os y ni\u00f1as deseosos de aprender, explorar, cantar, bailar. Personitas que son profesionales padres y madres que ahora nos conf\u00edan sus hijos.<\/p>\n\n\n\n<p style=\"text-align:center\">Todo tiene un proceso y una raz\u00f3n de ser, es por ello que a partir del 2009 el Colegio Personitas cuenta con sus propias instalaciones y se unifica con el Liceo Campestre Facatativ\u00e1 conformado una sola instituci\u00f3n con dos sedes (urbana y rural), las cuales prestan los servicios de educaci\u00f3n en los niveles de preescolar, primaria y bachillerato.<\/p>\n\n\n\n<p style=\"text-align:center\">Es en este mismo a\u00f1o, el Liceo Campestre Facatativ\u00e1 ratifica su compromiso con la calidad y el mejoramiento continuo a trav\u00e9s de la obtenci\u00f3n de la certificaci\u00f3n en el Modelo de Gesti\u00f3n de Calidad del EFQM.<\/p>\n\n\n\n<p style=\"text-align:center\">A la fecha somos una instituci\u00f3n certificada en el tercer nivel del Modelo de Gesti\u00f3n De Calidad EFQM y nos destacamos por ser una de las mejores instituciones educativas del pa\u00eds.<\/p>\n","protected":false},"excerpt":{"rendered":"<p>El 5 de Septiembre de 1983 iniciamos actividades bajo el nombre de Guarder\u00eda Jard\u00edn Personitas en la Calle 8 No. 4 \u2013 26. Fueron 5 las personitas que iniciaron con nosotros este camino, all\u00ed fue donde nos convertimos, m\u00e1s que en las personas que los cuid\u00e1bamos, en sus amigas y madres, pues adem\u00e1s de suplir [&hellip;]<\/p>\n","protected":false},"author":1,"featured_media":0,"parent":0,"menu_order":0,"comment_status":"closed","ping_status":"closed","template":"","meta":[],"_links":{"self":[{"href":"https:\/\/liceocampestrefacatativa.edu.co\/Liceo\/wp-json\/wp\/v2\/pages\/153"}],"collection":[{"href":"https:\/\/liceocampestrefacatativa.edu.co\/Liceo\/wp-json\/wp\/v2\/pages"}],"about":[{"href":"https:\/\/liceocampestrefacatativa.edu.co\/Liceo\/wp-json\/wp\/v2\/types\/page"}],"author":[{"embeddable":true,"href":"https:\/\/liceocampestrefacatativa.edu.co\/Liceo\/wp-json\/wp\/v2\/users\/1"}],"replies":[{"embeddable":true,"href":"https:\/\/liceocampestrefacatativa.edu.co\/Liceo\/wp-json\/wp\/v2\/comments?post=153"}],"version-history":[{"count":12,"href":"https:\/\/liceocampestrefacatativa.edu.co\/Liceo\/wp-json\/wp\/v2\/pages\/153\/revisions"}],"predecessor-version":[{"id":314,"href":"https:\/\/liceocampestrefacatativa.edu.co\/Liceo\/wp-json\/wp\/v2\/pages\/153\/revisions\/314"}],"wp:attachment":[{"href":"https:\/\/liceocampestrefacatativa.edu.co\/Liceo\/wp-json\/wp\/v2\/media?parent=153"}],"curies":[{"name":"wp","href":"https:\/\/api.w.org\/{rel}","templated":true}]}}