{"id":145,"date":"2019-08-02T00:20:03","date_gmt":"2019-08-02T00:20:03","guid":{"rendered":"https:\/\/liceocampestrefacatativa.edu.co\/Liceo\/?page_id=145"},"modified":"2023-03-17T01:05:26","modified_gmt":"2023-03-17T01:05:26","slug":"vision","status":"publish","type":"page","link":"https:\/\/liceocampestrefacatativa.edu.co\/Liceo\/vision\/","title":{"rendered":"Visi\u00f3n"},"content":{"rendered":"\n<figure class=\"wp-block-table is-style-stripes\"><table class=\"has-text-color has-background\" style=\"background-color:#edcd00;color:#090054\"><thead><tr><th><strong>SEDE URBANA<\/strong><\/th><\/tr><\/thead><tbody><tr><td><\/td><\/tr><\/tbody><\/table><\/figure>\n\n\n\n<div class=\"wp-block-media-text alignwide is-stacked-on-mobile\" style=\"grid-template-columns:47% auto\"><figure class=\"wp-block-media-text__media\"><img loading=\"lazy\" width=\"839\" height=\"1024\" src=\"https:\/\/liceocampestrefacatativa.edu.co\/Liceo\/wp-content\/uploads\/2023\/03\/image-1-839x1024.webp\" alt=\"\" class=\"wp-image-535 size-full\" srcset=\"https:\/\/liceocampestrefacatativa.edu.co\/wp-content\/uploads\/2023\/03\/image-1-839x1024.webp 839w, https:\/\/liceocampestrefacatativa.edu.co\/wp-content\/uploads\/2023\/03\/image-1-246x300.webp 246w, https:\/\/liceocampestrefacatativa.edu.co\/wp-content\/uploads\/2023\/03\/image-1-768x938.webp 768w, https:\/\/liceocampestrefacatativa.edu.co\/wp-content\/uploads\/2023\/03\/image-1.webp 1208w\" sizes=\"(max-width: 839px) 100vw, 839px\" \/><\/figure><div class=\"wp-block-media-text__content\">\n<p class=\"has-text-align-center\"> Continuaremos siendo un referente dentro de las mejores instituciones educativas del pa\u00eds, siendo reconocidos por nuestro proceso acad\u00e9mico y por la formaci\u00f3n de personas con competencias intelectuales, sociales y \u00e9ticas. <\/p>\n\n\n\n<p class=\"has-text-align-center\">Gracias a los excelentes resultados en las Pruebas Saber y al involucramiento activo en ambientes de participaci\u00f3n regional, nuestros estudiantes ampliar\u00e1n sus posibilidades de acceder a una educaci\u00f3n superior de \u00f3ptima calidad. <\/p>\n\n\n\n<p class=\"has-text-align-center\">Comprometidos con el mejoramiento continuo, avanzaremos en el proceso de acreditaci\u00f3n de alta calidad, fortaleciendo nuestro reconocimiento en Facatativ\u00e1 como una instituci\u00f3n orgulla de su excelencia acad\u00e9mica. <\/p>\n<\/div><\/div>\n\n\n\n<div class=\"wp-block-media-text alignwide is-stacked-on-mobile\"><figure class=\"wp-block-media-text__media\"><\/figure><div class=\"wp-block-media-text__content\">\n<p class=\"has-large-font-size\"><\/p>\n<\/div><\/div>\n\n\n\n<figure class=\"wp-block-table is-style-stripes\"><table class=\"has-text-color has-background has-fixed-layout\" style=\"background-color:#edcd00;color:#000954\"><thead><tr><th><strong>SEDE RURAL<\/strong><\/th><\/tr><\/thead><tbody><tr><td><\/td><\/tr><\/tbody><\/table><\/figure>\n\n\n\n<div class=\"wp-block-media-text alignwide has-media-on-the-right is-stacked-on-mobile\" style=\"grid-template-columns:auto 47%\"><figure class=\"wp-block-media-text__media\"><img loading=\"lazy\" width=\"878\" height=\"1024\" src=\"https:\/\/liceocampestrefacatativa.edu.co\/Liceo\/wp-content\/uploads\/2023\/03\/image-878x1024.webp\" alt=\"\" class=\"wp-image-536 size-full\" srcset=\"https:\/\/liceocampestrefacatativa.edu.co\/wp-content\/uploads\/2023\/03\/image-878x1024.webp 878w, https:\/\/liceocampestrefacatativa.edu.co\/wp-content\/uploads\/2023\/03\/image-257x300.webp 257w, https:\/\/liceocampestrefacatativa.edu.co\/wp-content\/uploads\/2023\/03\/image-768x896.webp 768w, https:\/\/liceocampestrefacatativa.edu.co\/wp-content\/uploads\/2023\/03\/image.webp 1264w\" sizes=\"(max-width: 878px) 100vw, 878px\" \/><\/figure><div class=\"wp-block-media-text__content\">\n<p class=\"has-text-align-center\"> Gracias a nuestro compromiso con la calidad educativa, continuaremos siendo un referente dentro de las mejores instituciones educativas del pa\u00eds.<\/p>\n\n\n\n<p class=\"has-text-align-center\">Mediante nuestra visi\u00f3n vanguardista y la promoci\u00f3n de iniciativas de alto impacto regional, nuestros estudiantes continuar\u00e1n adquiriendo competencias para un mundo globalizado consolidando as\u00ed su formaci\u00f3n como ciudadanos del futuro. <\/p>\n\n\n\n<p class=\"has-text-align-center\">Comprometidos con el mejoramiento continuo, avanzaremos en el proceso de acreditaci\u00f3n de alta calidad, fortaleciendo nuestro reconocimiento en la regi\u00f3n como una instituci\u00f3n orgullosa de su excelencia acad\u00e9mica. <\/p>\n<\/div><\/div>\n","protected":false},"excerpt":{"rendered":"<p>SEDE URBANA Continuaremos siendo un referente dentro de las mejores instituciones educativas del pa\u00eds, siendo reconocidos por nuestro proceso acad\u00e9mico y por la formaci\u00f3n de personas con competencias intelectuales, sociales y \u00e9ticas. Gracias a los excelentes resultados en las Pruebas Saber y al involucramiento activo en ambientes de participaci\u00f3n regional, nuestros estudiantes ampliar\u00e1n sus posibilidades [&hellip;]<\/p>\n","protected":false},"author":1,"featured_media":0,"parent":0,"menu_order":0,"comment_status":"closed","ping_status":"closed","template":"","meta":[],"_links":{"self":[{"href":"https:\/\/liceocampestrefacatativa.edu.co\/Liceo\/wp-json\/wp\/v2\/pages\/145"}],"collection":[{"href":"https:\/\/liceocampestrefacatativa.edu.co\/Liceo\/wp-json\/wp\/v2\/pages"}],"about":[{"href":"https:\/\/liceocampestrefacatativa.edu.co\/Liceo\/wp-json\/wp\/v2\/types\/page"}],"author":[{"embeddable":true,"href":"https:\/\/liceocampestrefacatativa.edu.co\/Liceo\/wp-json\/wp\/v2\/users\/1"}],"replies":[{"embeddable":true,"href":"https:\/\/liceocampestrefacatativa.edu.co\/Liceo\/wp-json\/wp\/v2\/comments?post=145"}],"version-history":[{"count":19,"href":"https:\/\/liceocampestrefacatativa.edu.co\/Liceo\/wp-json\/wp\/v2\/pages\/145\/revisions"}],"predecessor-version":[{"id":585,"href":"https:\/\/liceocampestrefacatativa.edu.co\/Liceo\/wp-json\/wp\/v2\/pages\/145\/revisions\/585"}],"wp:attachment":[{"href":"https:\/\/liceocampestrefacatativa.edu.co\/Liceo\/wp-json\/wp\/v2\/media?parent=145"}],"curies":[{"name":"wp","href":"https:\/\/api.w.org\/{rel}","templated":true}]}}