{"id":134,"date":"2019-08-01T23:58:15","date_gmt":"2019-08-01T23:58:15","guid":{"rendered":"https:\/\/liceocampestrefacatativa.edu.co\/Liceo\/nuestro-liceo\/?page_id=134"},"modified":"2021-10-09T18:09:27","modified_gmt":"2021-10-09T18:09:27","slug":"admisiones-y-registro","status":"publish","type":"page","link":"https:\/\/liceocampestrefacatativa.edu.co\/Liceo\/admisiones-y-registro\/","title":{"rendered":"Proceso de admisi\u00f3n"},"content":{"rendered":"\n<p>Siendo conscientes de que la labor educativa es una tarea compartida entre la instituci\u00f3n, la familia y el estudiante, el Liceo ha desarrollado a trav\u00e9s de los a\u00f1os de experiencia un Proceso de Admisi\u00f3n que busca garantizar que nuestro entorno educativo favorezca la permanencia y potencialice en nuestros estudiantes sus aptitudes y competencias.&nbsp;Es por ello, que el proceso de admisi\u00f3n est\u00e1 compuesto por una&nbsp;prueba de conocimientos, una observaci\u00f3n de campo, una entrevista con el Departamento de Orientaci\u00f3n Escolar y un an\u00e1lisis de los antecedentes escolares.<\/p>\n\n\n\n<p>El Liceo Campestre Facatativ\u00e1 inicia su Proceso de Admisiones en el mes de Agosto para los niveles de Preescolar, Primaria, 6\u00ba A 11\u00b0.<\/p>\n\n\n\n<p class=\"has-text-align-center\"><strong>PASOS PARA INSCRIBIRTE<\/strong><\/p>\n\n\n\n<ol type=\"1\"><li>Adquirir el Formulario de Inscripci\u00f3n. Con el Formulario de Inscripci\u00f3n se hace entrega de un cuadro que especifica los temas que se evaluar\u00e1n en el examen de admisi\u00f3n. Este formulario puede ser adquirido en la Secretar\u00eda de nuestras dos sedes.<\/li><li>Recopilar\/Tramitar los siguientes documentos:<ul><li>Fotocopia del Bolet\u00edn de Calificaciones m\u00e1s reciente entregado por el colegio de procedencia.<\/li><li>Fotocopia del Observador del Alumno y\/o Certificado de Conducta y Disciplina.<\/li><\/ul><\/li><li>Presentar el examen de Admisi\u00f3n: El aspirante deber\u00e1 presentarse a la hora y fecha estipulada para el examen portando los \u00fatiles necesarios para presentarlo (L\u00e1piz, borrador, tajal\u00e1piz y colores).<br>No olvide que el d\u00eda del examen debe entregar la siguiente documentaci\u00f3n:<ul><li>Formulario de Inscripci\u00f3n.<\/li><\/ul><\/li><li>Presentar entrevista con el Departamento de Orientaci\u00f3n Escolar.<\/li><\/ol>\n\n\n\n<p><strong>EL PROCESO DE ADMISI\u00d3N NO COMPROMETE A LA INSTITUCI\u00d3N A OTORGAR EL CUPO. EL LICEO TIENE COMPLETA AUTONOM\u00cdA PARA DECIDIR LA ACEPTACI\u00d3N O NEGACI\u00d3N DEL CUPO Y NO EST\u00c1 EN LA OBLIGACI\u00d3N DE EXPRESAR LAS RAZONES DE SU DECISI\u00d3N.<\/strong><\/p>\n\n\n\n<p><strong>EN CASO DE QUE EL ASPIRANTE NO SEA ADMITIDO, LA DOCUMENTACI\u00d3N SUMINISTRADA NO SER\u00c1 DEVUELTA, POR LO TANTO, S\u00d3LO SE RECIBIR\u00c1N FOTOCOPIA DE LOS DOCUMENTOS SOLICITADOS.\u00a0<\/strong><\/p>\n\n\n\n<p class=\"has-text-align-center\">Para conocer los resultados de admisi\u00f3n, haga clic <a href=\"https:\/\/liceocampestrefacatativa.edu.co\/Admin\/\">AQUI<\/a>.<\/p>\n","protected":false},"excerpt":{"rendered":"<p>Siendo conscientes de que la labor educativa es una tarea compartida entre la instituci\u00f3n, la familia y el estudiante, el Liceo ha desarrollado a trav\u00e9s de los a\u00f1os de experiencia un Proceso de Admisi\u00f3n que busca garantizar que nuestro entorno educativo favorezca la permanencia y potencialice en nuestros estudiantes sus aptitudes y competencias.&nbsp;Es por ello, [&hellip;]<\/p>\n","protected":false},"author":1,"featured_media":0,"parent":0,"menu_order":0,"comment_status":"closed","ping_status":"closed","template":"","meta":[],"_links":{"self":[{"href":"https:\/\/liceocampestrefacatativa.edu.co\/Liceo\/wp-json\/wp\/v2\/pages\/134"}],"collection":[{"href":"https:\/\/liceocampestrefacatativa.edu.co\/Liceo\/wp-json\/wp\/v2\/pages"}],"about":[{"href":"https:\/\/liceocampestrefacatativa.edu.co\/Liceo\/wp-json\/wp\/v2\/types\/page"}],"author":[{"embeddable":true,"href":"https:\/\/liceocampestrefacatativa.edu.co\/Liceo\/wp-json\/wp\/v2\/users\/1"}],"replies":[{"embeddable":true,"href":"https:\/\/liceocampestrefacatativa.edu.co\/Liceo\/wp-json\/wp\/v2\/comments?post=134"}],"version-history":[{"count":13,"href":"https:\/\/liceocampestrefacatativa.edu.co\/Liceo\/wp-json\/wp\/v2\/pages\/134\/revisions"}],"predecessor-version":[{"id":418,"href":"https:\/\/liceocampestrefacatativa.edu.co\/Liceo\/wp-json\/wp\/v2\/pages\/134\/revisions\/418"}],"wp:attachment":[{"href":"https:\/\/liceocampestrefacatativa.edu.co\/Liceo\/wp-json\/wp\/v2\/media?parent=134"}],"curies":[{"name":"wp","href":"https:\/\/api.w.org\/{rel}","templated":true}]}}