{"id":123,"date":"2019-08-01T23:45:43","date_gmt":"2019-08-01T23:45:43","guid":{"rendered":"https:\/\/liceocampestrefacatativa.edu.co\/Liceo\/?page_id=123"},"modified":"2023-03-17T15:06:56","modified_gmt":"2023-03-17T15:06:56","slug":"nuestro-liceo","status":"publish","type":"page","link":"https:\/\/liceocampestrefacatativa.edu.co\/Liceo\/","title":{"rendered":"Nuestro Liceo"},"content":{"rendered":"\n<div class=\"wp-block-nextend-smartslider3\"><\/div>\n\n\n\n<p class=\"has-text-align-center\"><strong>Instituci\u00f3n educativa privada, de car\u00e1cter laico, mixta<\/strong>&nbsp;que brinda educaci\u00f3n en los niveles de&nbsp;<strong>preescolar, primaria y bachillerato.<\/strong><\/p>\n\n\n\n<p class=\"has-text-align-center\">El Liceo Campestre Facatativ\u00e1 brinda educaci\u00f3n centrada en el desarrollo y fortalecimiento de potencialidades a trav\u00e9s del modelo pedag\u00f3gico&nbsp;<strong><em>Ense\u00f1anza para la compresi\u00f3n<\/em><\/strong>. Es una instituci\u00f3n&nbsp;<strong>comprometida con la calidad y el mejoramiento continuo<\/strong>&nbsp;que trabaja bajo los principios del&nbsp;<strong>Modelo de Gesti\u00f3n de Calidad del EFQM.<\/strong><\/p>\n\n\n\n<p class=\"has-text-align-center\">Nuestra instituci\u00f3n realiza su quehacer educativo en una&nbsp;<strong>jornada \u00fanica, diurna con calendario A.<\/strong>&nbsp;Cuenta con&nbsp;<strong>dos sedes, una urbana y otra rural<\/strong>, las cuales ofrecen diferentes servicios y horarios que se adaptan a diferentes necesidades.<\/p>\n","protected":false},"excerpt":{"rendered":"<p>Instituci\u00f3n educativa privada, de car\u00e1cter laico, mixta&nbsp;que brinda educaci\u00f3n en los niveles de&nbsp;preescolar, primaria y bachillerato. El Liceo Campestre Facatativ\u00e1 brinda educaci\u00f3n centrada en el desarrollo y fortalecimiento de potencialidades a trav\u00e9s del modelo pedag\u00f3gico&nbsp;Ense\u00f1anza para la compresi\u00f3n. Es una instituci\u00f3n&nbsp;comprometida con la calidad y el mejoramiento continuo&nbsp;que trabaja bajo los principios del&nbsp;Modelo de Gesti\u00f3n [&hellip;]<\/p>\n","protected":false},"author":1,"featured_media":0,"parent":0,"menu_order":0,"comment_status":"closed","ping_status":"closed","template":"","meta":[],"_links":{"self":[{"href":"https:\/\/liceocampestrefacatativa.edu.co\/Liceo\/wp-json\/wp\/v2\/pages\/123"}],"collection":[{"href":"https:\/\/liceocampestrefacatativa.edu.co\/Liceo\/wp-json\/wp\/v2\/pages"}],"about":[{"href":"https:\/\/liceocampestrefacatativa.edu.co\/Liceo\/wp-json\/wp\/v2\/types\/page"}],"author":[{"embeddable":true,"href":"https:\/\/liceocampestrefacatativa.edu.co\/Liceo\/wp-json\/wp\/v2\/users\/1"}],"replies":[{"embeddable":true,"href":"https:\/\/liceocampestrefacatativa.edu.co\/Liceo\/wp-json\/wp\/v2\/comments?post=123"}],"version-history":[{"count":25,"href":"https:\/\/liceocampestrefacatativa.edu.co\/Liceo\/wp-json\/wp\/v2\/pages\/123\/revisions"}],"predecessor-version":[{"id":586,"href":"https:\/\/liceocampestrefacatativa.edu.co\/Liceo\/wp-json\/wp\/v2\/pages\/123\/revisions\/586"}],"wp:attachment":[{"href":"https:\/\/liceocampestrefacatativa.edu.co\/Liceo\/wp-json\/wp\/v2\/media?parent=123"}],"curies":[{"name":"wp","href":"https:\/\/api.w.org\/{rel}","templated":true}]}}